{"id":9,"date":"2015-10-24T14:45:50","date_gmt":"2015-10-24T12:45:50","guid":{"rendered":"http:\/\/www.henkotex.cz\/?page_id=9"},"modified":"2015-11-04T22:40:57","modified_gmt":"2015-11-04T21:40:57","slug":"o-spolecnosti","status":"publish","type":"page","link":"https:\/\/www.henkotex.cz\/?page_id=9","title":{"rendered":"O spole\u010dnosti"},"content":{"rendered":"<p style=\"text-align: justify;\">Spole\u010dnost HENKOTEX s.r.o. byla zalo\u017eena v roce 1998, funguje jako v\u00fdhradn\u00ed distributor textiln\u00edch pomocn\u00fdch p\u0159\u00edpravk\u016f od n\u011bmeck\u00e9 spole\u010dnosti <a href=\"http:\/\/www.pulcra-chemicals.com\/en\/home\/\"><strong>PULCRA<\/strong> \u00a0<strong>Chemicals<\/strong><\/a> pro \u010desk\u00fd a slovensk\u00fd trh.<\/p>\n<p style=\"text-align: justify;\">Z\u00e1kazn\u00edk\u016fm poskytujeme technick\u00e9 poradenstv\u00ed, vzorkov\u00e1n\u00ed a testov\u00e1n\u00ed. Produkty dod\u00e1v\u00e1me ze skladu\u00a0v \u010cesk\u00e9 republice.<\/p>\n<p style=\"text-align: justify;\">Na\u0161i z\u00e1kazn\u00edci dlouhodob\u011b oce\u0148uj\u00ed profesionalitu a flexibilitu mal\u00e9 obchodn\u00ed firmy, kter\u00e1 na na\u0161em trhu zastupuje siln\u00e9ho zahrani\u010dn\u00edho partnera.<\/p>\n","protected":false},"excerpt":{"rendered":"<p>Spole\u010dnost HENKOTEX s.r.o. byla zalo\u017eena v roce 1998, funguje jako v\u00fdhradn\u00ed distributor textiln\u00edch pomocn\u00fdch p\u0159\u00edpravk\u016f od n\u011bmeck\u00e9 spole\u010dnosti PULCRA \u00a0Chemicals pro \u010desk\u00fd a slovensk\u00fd trh. Z\u00e1kazn\u00edk\u016fm poskytujeme technick\u00e9 poradenstv\u00ed, vzorkov\u00e1n\u00ed a testov\u00e1n\u00ed. Produkty dod\u00e1v\u00e1me ze skladu\u00a0v \u010cesk\u00e9 republice. Na\u0161i z\u00e1kazn\u00edci dlouhodob\u011b oce\u0148uj\u00ed profesionalitu a flexibilitu mal\u00e9 obchodn\u00ed firmy, kter\u00e1 na na\u0161em trhu zastupuje siln\u00e9ho zahrani\u010dn\u00edho &hellip; <a href=\"https:\/\/www.henkotex.cz\/?page_id=9\" class=\"more-link\">Pokra\u010dov\u00e1n\u00ed textu <span class=\"screen-reader-text\">O spole\u010dnosti<\/span> <span class=\"meta-nav\">&rarr;<\/span><\/a><\/p>\n","protected":false},"author":1,"featured_media":0,"parent":0,"menu_order":0,"comment_status":"closed","ping_status":"closed","template":"","meta":{"footnotes":""},"class_list":["post-9","page","type-page","status-publish","hentry"],"_links":{"self":[{"href":"https:\/\/www.henkotex.cz\/index.php?rest_route=\/wp\/v2\/pages\/9"}],"collection":[{"href":"https:\/\/www.henkotex.cz\/index.php?rest_route=\/wp\/v2\/pages"}],"about":[{"href":"https:\/\/www.henkotex.cz\/index.php?rest_route=\/wp\/v2\/types\/page"}],"author":[{"embeddable":true,"href":"https:\/\/www.henkotex.cz\/index.php?rest_route=\/wp\/v2\/users\/1"}],"replies":[{"embeddable":true,"href":"https:\/\/www.henkotex.cz\/index.php?rest_route=%2Fwp%2Fv2%2Fcomments&post=9"}],"version-history":[{"count":7,"href":"https:\/\/www.henkotex.cz\/index.php?rest_route=\/wp\/v2\/pages\/9\/revisions"}],"predecessor-version":[{"id":58,"href":"https:\/\/www.henkotex.cz\/index.php?rest_route=\/wp\/v2\/pages\/9\/revisions\/58"}],"wp:attachment":[{"href":"https:\/\/www.henkotex.cz\/index.php?rest_route=%2Fwp%2Fv2%2Fmedia&parent=9"}],"curies":[{"name":"wp","href":"https:\/\/api.w.org\/{rel}","templated":true}]}}