{"id":6,"date":"2015-10-24T14:45:25","date_gmt":"2015-10-24T12:45:25","guid":{"rendered":"http:\/\/www.henkotex.cz\/?page_id=6"},"modified":"2015-11-04T22:35:03","modified_gmt":"2015-11-04T21:35:03","slug":"kontakty","status":"publish","type":"page","link":"https:\/\/www.henkotex.cz\/?page_id=6","title":{"rendered":"Kontakty"},"content":{"rendered":"<p style=\"text-align: left;\"><em><strong>S\u00eddlo spole\u010dnosti<\/strong><\/em><\/p>\n<p style=\"text-align: left;\">Velk\u00e1 Jesenice 100, okres N\u00e1chod, PS\u010c 552 24<\/p>\n<p style=\"text-align: left;\"><em>Tel<i>: + 420\u00a0491\u00a0459\u00a0253<\/i>, <\/em><em>Fax: + 420\u00a0491\u00a0459\u00a0253, <\/em><em>E-mail: info@henkotex.cz<\/em><\/p>\n<p style=\"text-align: left;\"><em><strong>Sklad<\/strong><\/em><\/p>\n<p style=\"text-align: left;\">Palack\u00e9ho 364, 552 03 \u010cesk\u00e1 Skalice<\/p>\n<p style=\"text-align: left;\"><a href=\"https:\/\/www.google.com\/maps\/d\/viewer?ll=50.392214%2C16.053944&amp;spn=0.009576%2C0.029826&amp;hl=cs&amp;geocode&amp;msa=0&amp;z=15&amp;source=embed&amp;ie=UTF8&amp;mid=zpZPmrMWxtho.kM4NbmqkTIjk\">Mapa<\/a><\/p>\n<p><a href=\"http:\/\/www.henkotex.cz\/wp-content\/uploads\/2015\/10\/ZD.jpg\"><img loading=\"lazy\" decoding=\"async\" class=\"wp-image-54 alignleft\" src=\"http:\/\/www.henkotex.cz\/wp-content\/uploads\/2015\/10\/ZD-225x300.jpg\" alt=\"ZD\" width=\"140\" height=\"187\" srcset=\"https:\/\/www.henkotex.cz\/wp-content\/uploads\/2015\/10\/ZD-225x300.jpg 225w, https:\/\/www.henkotex.cz\/wp-content\/uploads\/2015\/10\/ZD.jpg 406w\" sizes=\"(max-width: 140px) 100vw, 140px\" \/><\/a><b><i>Jednatel spole\u010dnosti, technick\u00fd konzultant<\/i><\/b><\/p>\n<p><em>\u00a0Ing. Zden\u011bk Dev\u00e1t\u00fd \u00a0\u00a0\u00a0\u00a0\u00a0\u00a0\u00a0\u00a0\u00a0\u00a0\u00a0\u00a0\u00a0\u00a0\u00a0\u00a0\u00a0\u00a0\u00a0\u00a0\u00a0\u00a0\u00a0\u00a0\u00a0\u00a0\u00a0\u00a0\u00a0\u00a0\u00a0\u00a0\u00a0\u00a0\u00a0\u00a0\u00a0 <\/em><\/p>\n<p><em>Tel.: 602\u00a0673\u00a0673 <\/em><\/p>\n<p><em>E-mail: <\/em><em>zdenek.devaty@henkotex.cz<\/em><\/p>\n<p>&nbsp;<\/p>\n<p><a href=\"http:\/\/www.henkotex.cz\/wp-content\/uploads\/2015\/10\/MM.jpg\"><img loading=\"lazy\" decoding=\"async\" class=\"wp-image-53 alignleft\" src=\"http:\/\/www.henkotex.cz\/wp-content\/uploads\/2015\/10\/MM-215x300.jpg\" alt=\"MM\" width=\"140\" height=\"195\" srcset=\"https:\/\/www.henkotex.cz\/wp-content\/uploads\/2015\/10\/MM-215x300.jpg 215w, https:\/\/www.henkotex.cz\/wp-content\/uploads\/2015\/10\/MM.jpg 408w\" sizes=\"(max-width: 140px) 100vw, 140px\" \/><\/a><strong><em>Obchodn\u00ed z\u00e1stupce, technick\u00fd konzultant<\/em><\/strong><\/p>\n<p><em>Ing. Michal Martinek\u00a0\u00a0\u00a0\u00a0\u00a0\u00a0\u00a0\u00a0\u00a0\u00a0\u00a0\u00a0\u00a0\u00a0\u00a0\u00a0\u00a0\u00a0\u00a0\u00a0\u00a0\u00a0\u00a0\u00a0\u00a0\u00a0\u00a0\u00a0\u00a0\u00a0\u00a0\u00a0\u00a0\u00a0\u00a0 <\/em><\/p>\n<p><em>Tel.: 777 178\u00a0077 <\/em><\/p>\n<p><em>E-mail: <\/em><em>michal.martinek@henkotex.cz<\/em><\/p>\n<p>&nbsp;<\/p>\n<p><a href=\"http:\/\/www.henkotex.cz\/wp-content\/uploads\/2015\/10\/VN.jpg\"><img loading=\"lazy\" decoding=\"async\" class=\"wp-image-52 alignleft\" src=\"http:\/\/www.henkotex.cz\/wp-content\/uploads\/2015\/10\/VN-220x300.jpg\" alt=\"VN\" width=\"140\" height=\"191\" srcset=\"https:\/\/www.henkotex.cz\/wp-content\/uploads\/2015\/10\/VN-220x300.jpg 220w, https:\/\/www.henkotex.cz\/wp-content\/uploads\/2015\/10\/VN.jpg 396w\" sizes=\"(max-width: 140px) 100vw, 140px\" \/><\/a><strong><em>Asistentka jednatele, logistika, objedn\u00e1vky<\/em><\/strong><\/p>\n<p><em>V\u011bra Noskov\u00e1\u00a0\u00a0\u00a0\u00a0\u00a0\u00a0\u00a0\u00a0\u00a0\u00a0\u00a0\u00a0\u00a0\u00a0\u00a0\u00a0\u00a0\u00a0\u00a0\u00a0\u00a0\u00a0\u00a0\u00a0\u00a0\u00a0\u00a0\u00a0\u00a0\u00a0\u00a0\u00a0\u00a0\u00a0\u00a0\u00a0\u00a0\u00a0\u00a0\u00a0\u00a0\u00a0\u00a0\u00a0\u00a0\u00a0\u00a0\u00a0\u00a0 <\/em><\/p>\n<p><em>Tel.: 606\u00a0606\u00a0484 <\/em><\/p>\n<p><em>E-mail: <\/em><em>vera.noskova@henkotex.cz<\/em><\/p>\n","protected":false},"excerpt":{"rendered":"<p>S\u00eddlo spole\u010dnosti Velk\u00e1 Jesenice 100, okres N\u00e1chod, PS\u010c 552 24 Tel: + 420\u00a0491\u00a0459\u00a0253, Fax: + 420\u00a0491\u00a0459\u00a0253, E-mail: info@henkotex.cz Sklad Palack\u00e9ho 364, 552 03 \u010cesk\u00e1 Skalice Mapa Jednatel spole\u010dnosti, technick\u00fd konzultant \u00a0Ing. Zden\u011bk Dev\u00e1t\u00fd \u00a0\u00a0\u00a0\u00a0\u00a0\u00a0\u00a0\u00a0\u00a0\u00a0\u00a0\u00a0\u00a0\u00a0\u00a0\u00a0\u00a0\u00a0\u00a0\u00a0\u00a0\u00a0\u00a0\u00a0\u00a0\u00a0\u00a0\u00a0\u00a0\u00a0\u00a0\u00a0\u00a0\u00a0\u00a0\u00a0\u00a0 Tel.: 602\u00a0673\u00a0673 E-mail: zdenek.devaty@henkotex.cz &nbsp; Obchodn\u00ed z\u00e1stupce, technick\u00fd konzultant Ing. Michal Martinek\u00a0\u00a0\u00a0\u00a0\u00a0\u00a0\u00a0\u00a0\u00a0\u00a0\u00a0\u00a0\u00a0\u00a0\u00a0\u00a0\u00a0\u00a0\u00a0\u00a0\u00a0\u00a0\u00a0\u00a0\u00a0\u00a0\u00a0\u00a0\u00a0\u00a0\u00a0\u00a0\u00a0\u00a0\u00a0 Tel.: 777 178\u00a0077 E-mail: michal.martinek@henkotex.cz &nbsp; Asistentka jednatele, logistika, &hellip; <a href=\"https:\/\/www.henkotex.cz\/?page_id=6\" class=\"more-link\">Pokra\u010dov\u00e1n\u00ed textu <span class=\"screen-reader-text\">Kontakty<\/span> <span class=\"meta-nav\">&rarr;<\/span><\/a><\/p>\n","protected":false},"author":1,"featured_media":0,"parent":0,"menu_order":0,"comment_status":"closed","ping_status":"closed","template":"","meta":{"footnotes":""},"class_list":["post-6","page","type-page","status-publish","hentry"],"_links":{"self":[{"href":"https:\/\/www.henkotex.cz\/index.php?rest_route=\/wp\/v2\/pages\/6"}],"collection":[{"href":"https:\/\/www.henkotex.cz\/index.php?rest_route=\/wp\/v2\/pages"}],"about":[{"href":"https:\/\/www.henkotex.cz\/index.php?rest_route=\/wp\/v2\/types\/page"}],"author":[{"embeddable":true,"href":"https:\/\/www.henkotex.cz\/index.php?rest_route=\/wp\/v2\/users\/1"}],"replies":[{"embeddable":true,"href":"https:\/\/www.henkotex.cz\/index.php?rest_route=%2Fwp%2Fv2%2Fcomments&post=6"}],"version-history":[{"count":4,"href":"https:\/\/www.henkotex.cz\/index.php?rest_route=\/wp\/v2\/pages\/6\/revisions"}],"predecessor-version":[{"id":55,"href":"https:\/\/www.henkotex.cz\/index.php?rest_route=\/wp\/v2\/pages\/6\/revisions\/55"}],"wp:attachment":[{"href":"https:\/\/www.henkotex.cz\/index.php?rest_route=%2Fwp%2Fv2%2Fmedia&parent=6"}],"curies":[{"name":"wp","href":"https:\/\/api.w.org\/{rel}","templated":true}]}}