{"id":2,"date":"2015-10-24T11:27:48","date_gmt":"2015-10-24T11:27:48","guid":{"rendered":"http:\/\/www.henkotex.cz\/?page_id=2"},"modified":"2017-01-02T22:31:24","modified_gmt":"2017-01-02T21:31:24","slug":"zkusebni-stranka","status":"publish","type":"page","link":"https:\/\/www.henkotex.cz\/","title":{"rendered":"V\u00edt\u00e1me V\u00e1s na str\u00e1nk\u00e1ch spole\u010dnosti Henkotex s.r.o."},"content":{"rendered":"<div class=\"entry-content\">\n<p>Firma Henkotex s.r.o.\u00a0je firma s\u00a0dvacetiletou p\u016fsobnost\u00ed.<\/p>\n<p>Zaji\u0161\u0165ujeme distribuci textiln\u00edch pomocn\u00fdch p\u0159\u00edpravk\u016f do \u010cesk\u00e9 republiky a na Slovensko.<\/p>\n<p>C\u00edlem na\u0161\u00ed pr\u00e1ce je dlouhodob\u00e1 spolupr\u00e1ce se z\u00e1kazn\u00edky, nalezen\u00ed efektivn\u00edch zp\u016fsob\u016f a zaji\u0161t\u011bn\u00ed spolehliv\u00fdch dod\u00e1vek.<\/p>\n<p>V\u00edce informac\u00ed naleznete v sekci O spole\u010dnosti.<\/p>\n<\/div>\n","protected":false},"excerpt":{"rendered":"<p>Firma Henkotex s.r.o.\u00a0je firma s\u00a0dvacetiletou p\u016fsobnost\u00ed. Zaji\u0161\u0165ujeme distribuci textiln\u00edch pomocn\u00fdch p\u0159\u00edpravk\u016f do \u010cesk\u00e9 republiky a na Slovensko. C\u00edlem na\u0161\u00ed pr\u00e1ce je dlouhodob\u00e1 spolupr\u00e1ce se z\u00e1kazn\u00edky, nalezen\u00ed efektivn\u00edch zp\u016fsob\u016f a zaji\u0161t\u011bn\u00ed spolehliv\u00fdch dod\u00e1vek. V\u00edce informac\u00ed naleznete v sekci O spole\u010dnosti.<\/p>\n","protected":false},"author":1,"featured_media":0,"parent":0,"menu_order":0,"comment_status":"closed","ping_status":"closed","template":"","meta":{"footnotes":""},"class_list":["post-2","page","type-page","status-publish","hentry"],"_links":{"self":[{"href":"https:\/\/www.henkotex.cz\/index.php?rest_route=\/wp\/v2\/pages\/2"}],"collection":[{"href":"https:\/\/www.henkotex.cz\/index.php?rest_route=\/wp\/v2\/pages"}],"about":[{"href":"https:\/\/www.henkotex.cz\/index.php?rest_route=\/wp\/v2\/types\/page"}],"author":[{"embeddable":true,"href":"https:\/\/www.henkotex.cz\/index.php?rest_route=\/wp\/v2\/users\/1"}],"replies":[{"embeddable":true,"href":"https:\/\/www.henkotex.cz\/index.php?rest_route=%2Fwp%2Fv2%2Fcomments&post=2"}],"version-history":[{"count":2,"href":"https:\/\/www.henkotex.cz\/index.php?rest_route=\/wp\/v2\/pages\/2\/revisions"}],"predecessor-version":[{"id":5,"href":"https:\/\/www.henkotex.cz\/index.php?rest_route=\/wp\/v2\/pages\/2\/revisions\/5"}],"wp:attachment":[{"href":"https:\/\/www.henkotex.cz\/index.php?rest_route=%2Fwp%2Fv2%2Fmedia&parent=2"}],"curies":[{"name":"wp","href":"https:\/\/api.w.org\/{rel}","templated":true}]}}